{"id":4528,"date":"2021-01-24T14:42:49","date_gmt":"2021-01-24T13:42:49","guid":{"rendered":"http:\/\/buechereien-engelskirchen.de\/?page_id=4528"},"modified":"2026-04-12T15:55:04","modified_gmt":"2026-04-12T14:55:04","slug":"buechereien-engelskirchen","status":"publish","type":"page","link":"https:\/\/buechereien-engelskirchen.de\/","title":{"rendered":"Home"},"content":{"rendered":"<div class=\"gb-container gb-container-5f3ad7d4\"><div class=\"gb-inside-container\">\n<div class=\"n2-section-smartslider fitvidsignore  n2_clear\" data-ssid=\"2\" tabindex=\"0\" role=\"region\" aria-label=\"Slider\"><div id=\"n2-ss-2-align\" class=\"n2-ss-align\"><div class=\"n2-padding\"><div id=\"n2-ss-2\" data-creator=\"Smart Slider 3\" data-responsive=\"auto\" class=\"n2-ss-slider n2-ow n2-has-hover n2notransition  \"><div class=\"n2-ss-slider-wrapper-inside\">\n        <div class=\"n2-ss-slider-1 n2_ss__touch_element n2-ow\">\n            <div class=\"n2-ss-slider-2 n2-ow\">\n                                                <div class=\"n2-ss-slider-3 n2-ow\">\n\n                    <div class=\"n2-ss-slide-backgrounds n2-ow-all\"><div class=\"n2-ss-slide-background\" data-public-id=\"1\" data-mode=\"fill\"><div class=\"n2-ss-slide-background-image\" data-blur=\"0\" data-opacity=\"100\" data-x=\"54\" data-y=\"40\" data-alt=\"B\u00fccherei Engelskirchen\" data-title=\"B\u00fccherei Engelskirchen\" style=\"--ss-o-pos-x:54%;--ss-o-pos-y:40%\"><picture class=\"skip-lazy\" data-skip-lazy=\"1\"><img decoding=\"async\" src=\"\/\/buechereien-engelskirchen.de\/wp-content\/uploads\/2024\/04\/Buecherei-Engelskirchen-scaled.jpg\" alt=\"B\u00fccherei Engelskirchen\" title=\"B\u00fccherei Engelskirchen\" loading=\"lazy\" class=\"skip-lazy\" data-skip-lazy=\"1\"><\/picture><\/div><div data-color=\"RGBA(255,255,255,0)\" style=\"background-color: RGBA(255,255,255,0);\" class=\"n2-ss-slide-background-color\"><\/div><\/div><div class=\"n2-ss-slide-background\" data-public-id=\"2\" data-mode=\"fill\" aria-hidden=\"true\"><div class=\"n2-ss-slide-background-image\" data-blur=\"0\" data-opacity=\"100\" data-x=\"37\" data-y=\"65\" data-alt=\"B\u00fccherei Engelskirchen\" data-title=\"B\u00fccherei Engelskirchen\" style=\"--ss-o-pos-x:37%;--ss-o-pos-y:65%\"><picture class=\"skip-lazy\" data-skip-lazy=\"1\"><img decoding=\"async\" src=\"\/\/buechereien-engelskirchen.de\/wp-content\/uploads\/2013\/11\/P1010955.jpg\" alt=\"B\u00fccherei Engelskirchen\" title=\"B\u00fccherei Engelskirchen\" loading=\"lazy\" class=\"skip-lazy\" data-skip-lazy=\"1\"><\/picture><\/div><div data-color=\"RGBA(255,255,255,0)\" style=\"background-color: RGBA(255,255,255,0);\" class=\"n2-ss-slide-background-color\"><\/div><\/div><\/div>                    <div class=\"n2-ss-slider-4 n2-ow\">\n                        <svg xmlns=\"http:\/\/www.w3.org\/2000\/svg\" viewBox=\"0 0 1300 600\" data-related-device=\"desktopPortrait\" class=\"n2-ow n2-ss-preserve-size n2-ss-preserve-size--slider n2-ss-slide-limiter\"><\/svg><div data-first=\"1\" data-slide-duration=\"0\" data-id=\"3\" data-slide-public-id=\"1\" data-title=\"B\u00fccherei Engelskirchen\" class=\"n2-ss-slide n2-ow  n2-ss-slide-3\"><div role=\"note\" class=\"n2-ss-slide--focus\" tabindex=\"-1\">B\u00fccherei Engelskirchen<\/div><div class=\"n2-ss-layers-container n2-ss-slide-limiter n2-ow\"><div class=\"n2-ss-layer n2-ow n-uc-0HrOipqg7LkM\" data-sstype=\"slide\" data-pm=\"default\"><div class=\"n2-ss-layer n2-ow n-uc-152c7ba2c4fc6\" data-pm=\"default\" data-sstype=\"content\" data-hasbackground=\"0\"><div class=\"n2-ss-section-main-content n2-ss-layer-with-background n2-ss-layer-content n2-ow n-uc-152c7ba2c4fc6-inner\"><div class=\"n2-ss-layer n2-ow n-uc-LenunHvGB2ox\" data-pm=\"normal\" data-sstype=\"layer\"><div id=\"n2-ss-2item1\" class=\"n2-font-42a5037bb6ae6d8e2b462c4f915d71c6-hover n2-style-37238f614c5e83a0dda2ce3fc536db63-heading   n2-ss-item-content n2-ss-text n2-ow\" style=\"display:block;\">B\u00fccherei Engelskirchen<\/div><\/div><div class=\"n2-ss-layer n2-ow n-uc-M312qOnb9fZj\" data-pm=\"normal\" data-sstype=\"layer\"><div id=\"n2-ss-2item2\" class=\"n2-font-0ded4915d36e8b57f922cb284c07044c-hover   n2-ss-item-content n2-ss-text n2-ow\" style=\"display:block;\"><\/div><\/div><div class=\"n2-ss-layer n2-ow n-uc-shaWi5TeI6y0 n2-ss-layer--auto\" data-pm=\"normal\" data-sstype=\"layer\"><div class=\"n2-ss-button-container n2-ss-item-content n2-ow n2-font-e5212f69c6fb9b1749256b39ffa05dad-link  n2-ss-nowrap n2-ss-button-container--non-full-width\"><a class=\"n2-style-fc11dddfae866ba7a1fbafd2b61b67d8-heading  n2-ow \" href=\"https:\/\/buechereien-engelskirchen.de\/?page_id=32\"><div><div>MEHR<\/div><\/div><\/a><\/div><\/div><\/div><\/div><\/div><\/div><\/div><div data-slide-duration=\"0\" data-id=\"7\" data-slide-public-id=\"2\" aria-hidden=\"true\" data-title=\"B\u00fccherei Engelskirchen\" class=\"n2-ss-slide n2-ow  n2-ss-slide-7\"><div role=\"note\" class=\"n2-ss-slide--focus\" tabindex=\"-1\">B\u00fccherei Engelskirchen<\/div><div class=\"n2-ss-layers-container n2-ss-slide-limiter n2-ow\"><div class=\"n2-ss-layer n2-ow n-uc-7HA1oieroxpJ\" data-sstype=\"slide\" data-pm=\"default\"><div class=\"n2-ss-layer n2-ow n-uc-Tld32ixgBJPF\" data-pm=\"default\" data-sstype=\"content\" data-hasbackground=\"0\"><div class=\"n2-ss-section-main-content n2-ss-layer-with-background n2-ss-layer-content n2-ow n-uc-Tld32ixgBJPF-inner\"><div class=\"n2-ss-layer n2-ow n-uc-BA9TGgK416H0\" data-pm=\"normal\" data-sstype=\"layer\"><div id=\"n2-ss-2item4\" class=\"n2-font-7e7851ff1fa2783fec2160d78da5b545-hover n2-style-37238f614c5e83a0dda2ce3fc536db63-heading   n2-ss-item-content n2-ss-text n2-ow\" style=\"display:block;\">B\u00fccherei R\u00fcnderoth<\/div><\/div><div class=\"n2-ss-layer n2-ow n-uc-m8QNSFHAjksK\" data-pm=\"normal\" data-sstype=\"layer\"><div id=\"n2-ss-2item5\" class=\"n2-font-0ded4915d36e8b57f922cb284c07044c-hover   n2-ss-item-content n2-ss-text n2-ow\" style=\"display:block;\"><\/div><\/div><div class=\"n2-ss-layer n2-ow n-uc-5pd5KMrY6a7X n2-ss-layer--auto\" data-pm=\"normal\" data-sstype=\"layer\"><div class=\"n2-ss-button-container n2-ss-item-content n2-ow n2-font-8901c34a6b9edc621768e7445e7897d5-link  n2-ss-nowrap n2-ss-button-container--non-full-width\"><a class=\"n2-style-fc11dddfae866ba7a1fbafd2b61b67d8-heading  n2-ow \" href=\"https:\/\/buechereien-engelskirchen.de\/?page_id=36\"><div><div>MEHR<\/div><\/div><\/a><\/div><\/div><\/div><\/div><\/div><\/div><\/div>                    <\/div>\n\n                                    <\/div>\n            <\/div>\n        <\/div>\n        <div class=\"n2-ss-slider-controls n2-ss-slider-controls-absolute-left-center\"><div style=\"--widget-offset:15px;\" class=\"n2-ss-widget nextend-arrow n2-ow-all nextend-arrow-previous  nextend-arrow-animated-fade\" data-hide-mobileportrait=\"1\" id=\"n2-ss-2-arrow-previous\" role=\"button\" aria-label=\"previous arrow\" tabindex=\"0\"><img loading=\"lazy\" decoding=\"async\" width=\"32\" height=\"32\" class=\"skip-lazy\" data-skip-lazy=\"1\" src=\"data:image\/svg+xml;base64,PHN2ZyB3aWR0aD0iMzIiIGhlaWdodD0iMzIiIHZpZXdCb3g9IjAgMCAzMiAzMiIgeG1sbnM9Imh0dHA6Ly93d3cudzMub3JnLzIwMDAvc3ZnIj4KICAgIDxwYXRoIGQ9Ik0xMS40MzMgMTUuOTkyTDIyLjY5IDUuNzEyYy4zOTMtLjM5LjM5My0xLjAzIDAtMS40Mi0uMzkzLS4zOS0xLjAzLS4zOS0xLjQyMyAwbC0xMS45OCAxMC45NGMtLjIxLjIxLS4zLjQ5LS4yODUuNzYtLjAxNS4yOC4wNzUuNTYuMjg0Ljc3bDExLjk4IDEwLjk0Yy4zOTMuMzkgMS4wMy4zOSAxLjQyNCAwIC4zOTMtLjQuMzkzLTEuMDMgMC0xLjQybC0xMS4yNTctMTAuMjkiCiAgICAgICAgICBmaWxsPSIjZmZmZmZmIiBvcGFjaXR5PSIwLjgiIGZpbGwtcnVsZT0iZXZlbm9kZCIvPgo8L3N2Zz4=\" alt=\"previous arrow\"><\/div><\/div><div class=\"n2-ss-slider-controls n2-ss-slider-controls-absolute-right-center\"><div style=\"--widget-offset:15px;\" class=\"n2-ss-widget nextend-arrow n2-ow-all nextend-arrow-next  nextend-arrow-animated-fade\" data-hide-mobileportrait=\"1\" id=\"n2-ss-2-arrow-next\" role=\"button\" aria-label=\"next arrow\" tabindex=\"0\"><img loading=\"lazy\" decoding=\"async\" width=\"32\" height=\"32\" class=\"skip-lazy\" data-skip-lazy=\"1\" src=\"data:image\/svg+xml;base64,PHN2ZyB3aWR0aD0iMzIiIGhlaWdodD0iMzIiIHZpZXdCb3g9IjAgMCAzMiAzMiIgeG1sbnM9Imh0dHA6Ly93d3cudzMub3JnLzIwMDAvc3ZnIj4KICAgIDxwYXRoIGQ9Ik0xMC43MjIgNC4yOTNjLS4zOTQtLjM5LTEuMDMyLS4zOS0xLjQyNyAwLS4zOTMuMzktLjM5MyAxLjAzIDAgMS40MmwxMS4yODMgMTAuMjgtMTEuMjgzIDEwLjI5Yy0uMzkzLjM5LS4zOTMgMS4wMiAwIDEuNDIuMzk1LjM5IDEuMDMzLjM5IDEuNDI3IDBsMTIuMDA3LTEwLjk0Yy4yMS0uMjEuMy0uNDkuMjg0LS43Ny4wMTQtLjI3LS4wNzYtLjU1LS4yODYtLjc2TDEwLjcyIDQuMjkzeiIKICAgICAgICAgIGZpbGw9IiNmZmZmZmYiIG9wYWNpdHk9IjAuOCIgZmlsbC1ydWxlPSJldmVub2RkIi8+Cjwvc3ZnPg==\" alt=\"next arrow\"><\/div><\/div><\/div><\/div><ss3-loader><\/ss3-loader><\/div><\/div><div class=\"n2_clear\"><\/div><\/div>\n<\/div><\/div>\n\n<div class=\"gb-container gb-container-38073cc6\"><div class=\"gb-inside-container\">\n<div class=\"gb-grid-wrapper gb-grid-wrapper-bcaace85\">\n<div class=\"gb-grid-column gb-grid-column-2e86cabb\"><div class=\"gb-container gb-container-2e86cabb\"><div class=\"gb-inside-container\">\n\n<p class=\"gb-headline gb-headline-14e1ff13\"><span class=\"gb-icon\"><svg viewBox=\"0 0 36.7 3\" xmlns=\"http:\/\/www.w3.org\/2000\/svg\"><path d=\"M0 0h36.7v3H0z\"><\/path><\/svg><\/span><span class=\"gb-headline-text\">Willkommen<\/span><\/p>\n\n\n\n<p class=\"gb-headline gb-headline-8c64ece0\"><span class=\"gb-icon\"><svg viewBox=\"0 0 20 20\" xmlns=\"http:\/\/www.w3.org\/2000\/svg\"><path d=\"M0 11l2-2 5 5L18 3l2 2L7 18z\"><\/path><\/svg><\/span><span class=\"gb-headline-text\">Aktuelle Neuerscheinungen<\/span><\/p>\n\n\n\n<p class=\"gb-headline gb-headline-a4c33b02\"><span class=\"gb-icon\"><svg viewBox=\"0 0 20 20\" xmlns=\"http:\/\/www.w3.org\/2000\/svg\"><path d=\"M0 11l2-2 5 5L18 3l2 2L7 18z\"><\/path><\/svg><\/span><span class=\"gb-headline-text\">Interaktive tonies<\/span><\/p>\n\n\n\n<p class=\"gb-headline gb-headline-02b2c391\"><span class=\"gb-icon\"><svg viewBox=\"0 0 20 20\" xmlns=\"http:\/\/www.w3.org\/2000\/svg\"><path d=\"M0 11l2-2 5 5L18 3l2 2L7 18z\"><\/path><\/svg><\/span><span class=\"gb-headline-text\">Packende H\u00f6rb\u00fccher<\/span><\/p>\n\n\n\n<p class=\"gb-headline gb-headline-36a85c9b\"><span class=\"gb-icon\"><svg xmlns=\"http:\/\/www.w3.org\/2000\/svg\" viewBox=\"0 0 20 20\"><path d=\"M0 11l2-2 5 5L18 3l2 2L7 18z\"><\/path><\/svg><\/span><span class=\"gb-headline-text\">Lustige Gesellschaftsspiele<\/span><\/p>\n\n\n\n<p class=\"gb-headline gb-headline-5f05f1a0\"><span class=\"gb-icon\"><svg xmlns=\"http:\/\/www.w3.org\/2000\/svg\" viewBox=\"0 0 20 20\"><path d=\"M0 11l2-2 5 5L18 3l2 2L7 18z\"><\/path><\/svg><\/span><span class=\"gb-headline-text\">Innovative TipToi-Medien<\/span><\/p>\n\n\n\n<p class=\"gb-headline gb-headline-e9d0acd1\"><span class=\"gb-icon\"><svg xmlns=\"http:\/\/www.w3.org\/2000\/svg\" viewBox=\"0 0 20 20\"><path d=\"M0 11l2-2 5 5L18 3l2 2L7 18z\"><\/path><\/svg><\/span><span class=\"gb-headline-text\">Und vieles mehr&#8230;<\/span><\/p>\n\n\n\n<p class=\"gb-headline gb-headline-2c99d2b5 gb-headline-text\"><\/p>\n\n<\/div><\/div><\/div>\n\n<div class=\"gb-grid-column gb-grid-column-7b46d191\"><div class=\"gb-container gb-container-7b46d191\"><div class=\"gb-inside-container\">\n\n<p class=\"gb-headline gb-headline-ebe73e68\"><span class=\"gb-icon\"><svg xmlns=\"http:\/\/www.w3.org\/2000\/svg\" viewBox=\"0 0 36.7 3\"><path d=\"M0 0h36.7v3H0z\"><\/path><\/svg><\/span><span class=\"gb-headline-text\">\u00d6ffnungszeiten<\/span><\/p>\n\n\n\n<p class=\"has-black-color has-text-color\"><strong>Montag          9 \u2013 11 Uhr<br>Dienstag       15 \u2013 18 Uhr<br>Donnerstag  16 \u2013 19 Uhr<mark style=\"background-color:rgba(0, 0, 0, 0);color:#cf2e2e\" class=\"has-inline-color\"><\/mark><\/strong><\/p>\n\n\n\n<p><\/p>\n\n\n\n<p><\/p>\n\n<\/div><\/div><\/div>\n\n<div class=\"gb-grid-column gb-grid-column-65fe0962\"><div class=\"gb-container gb-container-65fe0962\"><div class=\"gb-inside-container\">\n\n<p class=\"gb-headline gb-headline-2d524f58\"><span class=\"gb-icon\"><svg xmlns=\"http:\/\/www.w3.org\/2000\/svg\" viewBox=\"0 0 36.7 3\"><path d=\"M0 0h36.7v3H0z\"><\/path><\/svg><\/span><span class=\"gb-headline-text\">Veranstaltungen<\/span><\/p>\n\n\n\n<p>Eine \u00dcbersicht \u00fcber unsere diesj\u00e4hrigen Events finden Sie <strong><a href=\"https:\/\/buechereien-engelskirchen.de\/?page_id=3178\">hier<\/a><\/strong>.<\/p>\n\n<\/div><\/div><\/div>\n<\/div>\n<\/div><\/div>\n\n<div class=\"gb-container gb-container-17ea295f\"><div class=\"gb-inside-container\">\n\n<h3 class=\"gb-headline gb-headline-b3e5bb1e\"><span class=\"gb-icon\"><svg xmlns=\"http:\/\/www.w3.org\/2000\/svg\" viewBox=\"0 0 36.7 3\"><path d=\"M0 0h36.7v3H0z\"><\/path><\/svg><\/span><span class=\"gb-headline-text\">Das Neueste aus den B\u00fcchereien<\/span><\/h3>\n\n\n<style>.wp-show-posts-columns#wpsp-4567 {margin-left: -2em; }.wp-show-posts-columns#wpsp-4567 .wp-show-posts-inner {margin: 0 0 2em 2em; }<\/style><section id=\"wpsp-4567\" class=\" wp-show-posts-columns wp-show-posts\" style=\"\"><article class=\" wp-show-posts-single post-5434 post type-post status-publish format-standard hentry category-neuigkeit wpsp-col-6\" itemtype=\"http:\/\/schema.org\/CreativeWork\" itemscope><div class=\"wp-show-posts-inner\" style=\"\">\t\t\t\t\t\t<header class=\"wp-show-posts-entry-header\">\n\t\t\t\t\t\t\t<h2 class=\"wp-show-posts-entry-title\" itemprop=\"headline\"><a href=\"https:\/\/buechereien-engelskirchen.de\/?p=5434\" rel=\"bookmark\">Herzliche Einladung zum Lesetreff!<\/a><\/h2><div class=\"wp-show-posts-entry-meta wp-show-posts-entry-meta-below-title post-meta-inline\"><span class=\"wp-show-posts-posted-on wp-show-posts-meta\">\n\t\t\t\t\t<a href=\"https:\/\/buechereien-engelskirchen.de\/?p=5434\" title=\"17:27\" rel=\"bookmark\"><time class=\"wp-show-posts-entry-date published\" datetime=\"2026-03-08T17:27:16+01:00\" itemprop=\"datePublished\">8. M\u00e4rz 2026<\/time><time class=\"wp-show-posts-updated\" datetime=\"2026-03-08T17:27:17+01:00\" itemprop=\"dateModified\">8. M\u00e4rz 2026<\/time><\/a>\n\t\t\t\t<\/span><\/div>\t\t\t\t\t\t<\/header><!-- .entry-header -->\n\t\t\t\t\t<div class=\"wpsp-read-more\"><a title=\"Herzliche Einladung zum Lesetreff!\" class=\"wp-show-posts-read-more\" href=\"https:\/\/buechereien-engelskirchen.de\/?p=5434\">weiterlesen<\/a><\/div><\/div><!-- wp-show-posts-inner --><\/article><article class=\" wp-show-posts-single post-5418 post type-post status-publish format-standard has-post-thumbnail hentry category-neuigkeit wpsp-col-6\" itemtype=\"http:\/\/schema.org\/CreativeWork\" itemscope><div class=\"wp-show-posts-inner\" style=\"\">\t\t\t\t\t\t<header class=\"wp-show-posts-entry-header\">\n\t\t\t\t\t\t\t<h2 class=\"wp-show-posts-entry-title\" itemprop=\"headline\"><a href=\"https:\/\/buechereien-engelskirchen.de\/?p=5418\" rel=\"bookmark\">Literarische Wein-Lese in der B\u00fccherei Engelskirchen mit Mike Altwicker<\/a><\/h2><div class=\"wp-show-posts-entry-meta wp-show-posts-entry-meta-below-title post-meta-inline\"><span class=\"wp-show-posts-posted-on wp-show-posts-meta\">\n\t\t\t\t\t<a href=\"https:\/\/buechereien-engelskirchen.de\/?p=5418\" title=\"20:31\" rel=\"bookmark\"><time class=\"wp-show-posts-entry-date published\" datetime=\"2025-12-07T20:31:30+01:00\" itemprop=\"datePublished\">7. Dezember 2025<\/time><time class=\"wp-show-posts-updated\" datetime=\"2025-12-07T20:31:31+01:00\" itemprop=\"dateModified\">7. Dezember 2025<\/time><\/a>\n\t\t\t\t<\/span><\/div>\t\t\t\t\t\t<\/header><!-- .entry-header -->\n\t\t\t\t\t\t\t<div class=\"wp-show-posts-image  wpsp-image-center \">\n\t\t\t<a href=\"https:\/\/buechereien-engelskirchen.de\/?p=5418\"  title=\"Literarische Wein-Lese in der B\u00fccherei Engelskirchen mit Mike Altwicker\">\t\t\t\t\t<img decoding=\"async\" src=\"https:\/\/buechereien-engelskirchen.de\/wp-content\/uploads\/2025\/12\/Wein-Lese2025-scaled-225x400.jpg\" alt=\"Literarische Wein-Lese in der B\u00fccherei Engelskirchen mit Mike Altwicker\" itemprop=\"image\" class=\"center\" \/>\n\t\t\t\t<\/a>\t\t<\/div>\n\t\t<div class=\"wpsp-read-more\"><a title=\"Literarische Wein-Lese in der B\u00fccherei Engelskirchen mit Mike Altwicker\" class=\"wp-show-posts-read-more\" href=\"https:\/\/buechereien-engelskirchen.de\/?p=5418\">weiterlesen<\/a><\/div><\/div><!-- wp-show-posts-inner --><\/article><div class=\"wpsp-clear\"><\/div><\/section><!-- .wp-show-posts -->\n\n<\/div><\/div>","protected":false},"excerpt":{"rendered":"<p>Das Neueste aus den B\u00fcchereien<\/p>\n","protected":false},"author":1,"featured_media":0,"parent":0,"menu_order":0,"comment_status":"closed","ping_status":"closed","template":"","meta":{"ngg_post_thumbnail":0,"footnotes":""},"folder":[],"class_list":["post-4528","page","type-page","status-publish","hentry"],"_links":{"self":[{"href":"https:\/\/buechereien-engelskirchen.de\/index.php?rest_route=\/wp\/v2\/pages\/4528","targetHints":{"allow":["GET"]}}],"collection":[{"href":"https:\/\/buechereien-engelskirchen.de\/index.php?rest_route=\/wp\/v2\/pages"}],"about":[{"href":"https:\/\/buechereien-engelskirchen.de\/index.php?rest_route=\/wp\/v2\/types\/page"}],"author":[{"embeddable":true,"href":"https:\/\/buechereien-engelskirchen.de\/index.php?rest_route=\/wp\/v2\/users\/1"}],"replies":[{"embeddable":true,"href":"https:\/\/buechereien-engelskirchen.de\/index.php?rest_route=%2Fwp%2Fv2%2Fcomments&post=4528"}],"version-history":[{"count":126,"href":"https:\/\/buechereien-engelskirchen.de\/index.php?rest_route=\/wp\/v2\/pages\/4528\/revisions"}],"predecessor-version":[{"id":5437,"href":"https:\/\/buechereien-engelskirchen.de\/index.php?rest_route=\/wp\/v2\/pages\/4528\/revisions\/5437"}],"wp:attachment":[{"href":"https:\/\/buechereien-engelskirchen.de\/index.php?rest_route=%2Fwp%2Fv2%2Fmedia&parent=4528"}],"wp:term":[{"taxonomy":"folder","embeddable":true,"href":"https:\/\/buechereien-engelskirchen.de\/index.php?rest_route=%2Fwp%2Fv2%2Ffolder&post=4528"}],"curies":[{"name":"wp","href":"https:\/\/api.w.org\/{rel}","templated":true}]}}