{"id":43,"date":"2013-11-05T12:10:09","date_gmt":"2013-11-05T12:10:09","guid":{"rendered":"http:\/\/buechereien-engelskirchen.de.w0112c5a.kasserver.com\/?page_id=43"},"modified":"2024-08-18T16:18:22","modified_gmt":"2024-08-18T15:18:22","slug":"hinweise-zur-ausleihe","status":"publish","type":"page","link":"https:\/\/buechereien-engelskirchen.de\/?page_id=43","title":{"rendered":"Hinweise zur Ausleihe"},"content":{"rendered":"<div class=\"gb-container gb-container-62cf59cf\"><div class=\"gb-inside-container\">\n<div class=\"gb-grid-wrapper gb-grid-wrapper-6dcffe7c\">\n<div class=\"gb-grid-column gb-grid-column-3fa9d744\"><div class=\"gb-container gb-container-3fa9d744\"><div class=\"gb-inside-container\">\n\n<h2 class=\"gb-headline gb-headline-e66e4db4 gb-headline-text\">Hinweise zur Ausleihe<\/h2>\n\n\n\n<p><strong>Wie kann ich in der B\u00fccherei Medien ausleihen?<\/strong><br>Bei der Anmeldung wird ein Leserausweis ausgestellt. Der Leserausweis berechtigt zur Ausleihe in der jeweiligen B\u00fccherei. Kinder und Jugendliche unter 18 Jahren ben\u00f6tigen die schriftliche Einwilligung eines Erziehungsberechtigten.<br>Der Leserausweis ist bei jeder Ausleihe vorzulegen.<\/p>\n\n\n\n<p><strong>Was kostet der Leserausweis?<\/strong><br>Die Jahresgeb\u00fchr f\u00fcr Erwachsene betr\u00e4gt pauschal 20 \u20ac, auch bei Nutzung beider B\u00fcchereien.<br>F\u00fcr Kinder und Jugendliche unter 18 Jahren ist die Ausleihe kostenlos.<\/p>\n\n<\/div><\/div><\/div>\n\n<div class=\"gb-grid-column gb-grid-column-e80f0706\"><div class=\"gb-container gb-container-e80f0706\"><div class=\"gb-inside-container\">\n<div class=\"gb-container gb-container-94746e1c\"><div class=\"gb-inside-container\">\n\n<p class=\"gb-headline gb-headline-4bb5ea3c\"><span class=\"gb-icon\"><svg xmlns=\"http:\/\/www.w3.org\/2000\/svg\" viewBox=\"0 0 20 20\"><path d=\"M13 8V2H7v6H2l8 8 8-8h-5zM0 18h20v2H0v-2z\"><\/path><\/svg><\/span><span class=\"gb-headline-text\"><a href=\"https:\/\/buechereien-engelskirchen.de\/wp-content\/uploads\/2024\/08\/Antrag-fuer-Leserausweis_2024.pdf\" data-type=\"attachment\" data-id=\"5283\">Antrag f\u00fcr Leserausweis<\/a><\/span><\/p>\n\n<\/div><\/div>\n\n<div class=\"gb-container gb-container-3499b3a8\"><div class=\"gb-inside-container\">\n\n<p class=\"gb-headline gb-headline-80c00209\"><span class=\"gb-icon\"><svg xmlns=\"http:\/\/www.w3.org\/2000\/svg\" viewBox=\"0 0 20 20\"><path d=\"M13 8V2H7v6H2l8 8 8-8h-5zM0 18h20v2H0v-2z\"><\/path><\/svg><\/span><span class=\"gb-headline-text\"><a href=\"https:\/\/buechereien-engelskirchen.de\/wp-content\/uploads\/2024\/08\/Benutzerordnung_2024.pdf\" data-type=\"attachment\" data-id=\"5284\">Benutzerordnung<\/a><\/span><\/p>\n\n<\/div><\/div>\n<\/div><\/div><\/div>\n<\/div>\n\n\n<p><strong>Wie lange kann ich Medien ausleihen?<\/strong><br>Die Ausleihfrist f\u00fcr Spiele, tonies, H\u00f6rb\u00fccher, CDs und Zeitschriften betr\u00e4gt eine Woche.<br>Die Ausleihfrist f\u00fcr B\u00fccher betr\u00e4gt vier Wochen.<\/p>\n\n\n\n<p><strong>Kann ich die Leihfrist auch verl\u00e4ngern?<\/strong><br>Eine einmalige Verl\u00e4ngerung um eine bzw. weitere vier Wochen ist in Absprache mit der B\u00fccherei (auch telefonisch) m\u00f6glich, sofern keine Vorbestellung eines anderen Benutzers vorliegt.<\/p>\n\n\n\n<p><strong>Was passiert, wenn die Leihfrist \u00fcberschritten wird?<\/strong><br>Bei \u00dcberschreitung der Leihfrist fallen Vers\u00e4umnisgeb\u00fchren an.<\/p>\n\n\n\n<p><strong>Wie hoch sind die Vers\u00e4umnisgeb\u00fchren?<\/strong><br>Bei \u00dcberschreiten der Ausleihfrist von B\u00fcchern, Spielen, Kassetten, H\u00f6rb\u00fcchern, CDs und Zeitschriften ist pro Woche und Medium eine Vers\u00e4umnisgeb\u00fchr von 0,50 \u20ac zu zahlen. Ma\u00dfgebend f\u00fcr die Berechnung ist der auf dem Fristzettel der Medien angegebene R\u00fcckgabetermin.<br>Bei schriftlichen Mahnungen werden zus\u00e4tzlich berechnet:<br>1. Mahnung 1 \u20ac \u2013 2. Mahnung 2 \u20ac \u2013 3. Mahnung 3 \u20ac<br>Nach der 3. Mahnung ist der F\u00f6rderverein berechtigt den Leserausweis f\u00fcr ung\u00fcltig zu erkl\u00e4ren.<\/p>\n\n\n\n<p><strong>Was mache ich wenn ich meinen Ausweis verloren habe?<\/strong><br>Bei Verlust oder Besch\u00e4digung des Leserausweises stellen wir gegen eine Geb\u00fchr von 1 \u20ac einen Ersatzausweis aus.<\/p>\n\n\n\n<p><strong>Was gibt es sonst noch zu beachten?<\/strong><br>Unsere vollst\u00e4ndige Benutzerordnung wird Ihnen gerne in der B\u00fccherei ausgeh\u00e4ndigt oder Sie k\u00f6nnen diese hier als PDF-Dokument herunterladen: <a href=\"http:\/\/buechereien-engelskirchen.de\/wp-content\/uploads\/2018\/03\/Benutzerordnung-2018.pdf\">Benutzerordnung<\/a><\/p>\n\n<\/div><\/div>\n\n\n<p><\/p>\n","protected":false},"excerpt":{"rendered":"<p>Wie lange kann ich Medien ausleihen?Die Ausleihfrist f\u00fcr Spiele, tonies, H\u00f6rb\u00fccher, CDs und Zeitschriften betr\u00e4gt eine Woche.Die Ausleihfrist f\u00fcr B\u00fccher betr\u00e4gt vier Wochen. Kann ich die Leihfrist auch verl\u00e4ngern?Eine einmalige Verl\u00e4ngerung um eine bzw. weitere vier Wochen ist in Absprache mit der B\u00fccherei (auch telefonisch) m\u00f6glich, sofern keine Vorbestellung eines anderen Benutzers vorliegt. Was passiert, &#8230; <\/p>\n<p class=\"read-more-container\"><a title=\"Hinweise zur Ausleihe\" class=\"read-more button\" href=\"https:\/\/buechereien-engelskirchen.de\/?page_id=43#more-43\" aria-label=\"Mehr zu Hinweise zur Ausleihe\">Weiterlesen &#8230;<\/a><\/p>\n","protected":false},"author":1,"featured_media":0,"parent":0,"menu_order":0,"comment_status":"closed","ping_status":"closed","template":"","meta":{"ngg_post_thumbnail":0,"footnotes":""},"folder":[],"class_list":["post-43","page","type-page","status-publish"],"_links":{"self":[{"href":"https:\/\/buechereien-engelskirchen.de\/index.php?rest_route=\/wp\/v2\/pages\/43","targetHints":{"allow":["GET"]}}],"collection":[{"href":"https:\/\/buechereien-engelskirchen.de\/index.php?rest_route=\/wp\/v2\/pages"}],"about":[{"href":"https:\/\/buechereien-engelskirchen.de\/index.php?rest_route=\/wp\/v2\/types\/page"}],"author":[{"embeddable":true,"href":"https:\/\/buechereien-engelskirchen.de\/index.php?rest_route=\/wp\/v2\/users\/1"}],"replies":[{"embeddable":true,"href":"https:\/\/buechereien-engelskirchen.de\/index.php?rest_route=%2Fwp%2Fv2%2Fcomments&post=43"}],"version-history":[{"count":25,"href":"https:\/\/buechereien-engelskirchen.de\/index.php?rest_route=\/wp\/v2\/pages\/43\/revisions"}],"predecessor-version":[{"id":5286,"href":"https:\/\/buechereien-engelskirchen.de\/index.php?rest_route=\/wp\/v2\/pages\/43\/revisions\/5286"}],"wp:attachment":[{"href":"https:\/\/buechereien-engelskirchen.de\/index.php?rest_route=%2Fwp%2Fv2%2Fmedia&parent=43"}],"wp:term":[{"taxonomy":"folder","embeddable":true,"href":"https:\/\/buechereien-engelskirchen.de\/index.php?rest_route=%2Fwp%2Fv2%2Ffolder&post=43"}],"curies":[{"name":"wp","href":"https:\/\/api.w.org\/{rel}","templated":true}]}}