{"id":39,"date":"2013-11-05T12:08:31","date_gmt":"2013-11-05T12:08:31","guid":{"rendered":"http:\/\/buechereien-engelskirchen.de.w0112c5a.kasserver.com\/?page_id=39"},"modified":"2026-01-02T16:05:02","modified_gmt":"2026-01-02T15:05:02","slug":"standiger-bucherflohmarkt","status":"publish","type":"page","link":"https:\/\/buechereien-engelskirchen.de\/?page_id=39","title":{"rendered":"St\u00e4ndiger B\u00fccherflohmarkt"},"content":{"rendered":"<div class=\"gb-container gb-container-28e20b2b\"><div class=\"gb-inside-container\">\n<div class=\"gb-grid-wrapper gb-grid-wrapper-b7df8c83\">\n<div class=\"gb-grid-column gb-grid-column-bd831286\"><div class=\"gb-container gb-container-bd831286\"><div class=\"gb-inside-container\">\n\n<h1 class=\"wp-block-heading\">St\u00e4ndiger B\u00fccherflohmarkt<\/h1>\n\n\n\n<p>In der B\u00fccherei Engelskirchen bieten wir Ihnen w\u00e4hrend der \u00d6ffnungszeiten in einem separatem Raum einen st\u00e4ndigen B\u00fccherflohmarkt. Hier finden Sie Ihre Urlaubslekt\u00fcre, antiquarischen Lesestoff, Sachb\u00fccher, Kinder- und Jugendb\u00fccher und sogar auch Gesellschaftsspiele zu den gewohnt niedrigen Preisen.<\/p>\n\n\n\n<p>Kommen Sie zum St\u00f6bern &#8211; es ist bestimmt auch f\u00fcr Sie was dabei!<\/p>\n\n\n<div class=\"wp-block-image\">\n<figure class=\"alignleft size-large is-resized\"><img loading=\"lazy\" decoding=\"async\" width=\"1024\" height=\"768\" src=\"http:\/\/buechereien-engelskirchen.de\/wp-content\/uploads\/2021\/11\/Flohmarkt-Engelskirchen-03.11.2021-JPG2-1024x768.jpg\" alt=\"Gisela Gimmler, Leitung Flohmarkt in Engelskirchen\" class=\"wp-image-5035\" style=\"width:536px;height:402px\" srcset=\"https:\/\/buechereien-engelskirchen.de\/wp-content\/uploads\/2021\/11\/Flohmarkt-Engelskirchen-03.11.2021-JPG2-1024x768.jpg 1024w, https:\/\/buechereien-engelskirchen.de\/wp-content\/uploads\/2021\/11\/Flohmarkt-Engelskirchen-03.11.2021-JPG2-300x225.jpg 300w, https:\/\/buechereien-engelskirchen.de\/wp-content\/uploads\/2021\/11\/Flohmarkt-Engelskirchen-03.11.2021-JPG2-150x113.jpg 150w, https:\/\/buechereien-engelskirchen.de\/wp-content\/uploads\/2021\/11\/Flohmarkt-Engelskirchen-03.11.2021-JPG2-768x576.jpg 768w, https:\/\/buechereien-engelskirchen.de\/wp-content\/uploads\/2021\/11\/Flohmarkt-Engelskirchen-03.11.2021-JPG2-1536x1152.jpg 1536w, https:\/\/buechereien-engelskirchen.de\/wp-content\/uploads\/2021\/11\/Flohmarkt-Engelskirchen-03.11.2021-JPG2.jpg 2048w\" sizes=\"auto, (max-width: 1024px) 100vw, 1024px\" \/><figcaption class=\"wp-element-caption\">Gisela Gimmler, Leitung Flohmarkt in Engelskirchen<\/figcaption><\/figure>\n<\/div>\n<\/div><\/div><\/div>\n\n<div class=\"gb-grid-column gb-grid-column-702cfb5e\"><div class=\"gb-container gb-container-702cfb5e\"><div class=\"gb-inside-container\">\n<div class=\"gb-container gb-container-842364fc\"><div class=\"gb-inside-container\">\n\n<p class=\"gb-headline gb-headline-c7a45e58\"><span class=\"gb-icon\"><svg viewBox=\"0 0 20 20\" xmlns=\"http:\/\/www.w3.org\/2000\/svg\"><path d=\"M10 20a10 10 0 1 1 0-20 10 10 0 0 1 0 20zm0-2a8 8 0 1 0 0-16 8 8 0 0 0 0 16zm-1-7.59V4h2v5.59l3.95 3.95-1.41 1.41L9 10.41z\"><\/path><\/svg><\/span><span class=\"gb-headline-text\"><strong>Montag <strong>9 \u2013 11 Uhr<\/strong><\/strong> <strong>Dienstag 15 \u2013 18 Uhr<br>Donnerstag<\/strong> <strong>16 \u2013 19 Uhr<\/strong><\/span><\/p>\n\n<\/div><\/div>\n\n<div class=\"gb-container gb-container-0a93e630\"><div class=\"gb-inside-container\">\n\n<p class=\"gb-headline gb-headline-d314f808\"><span class=\"gb-icon\"><svg viewBox=\"0 0 20 20\" xmlns=\"http:\/\/www.w3.org\/2000\/svg\"><path d=\"M20 18.35V19a1 1 0 0 1-1 1h-2A17 17 0 0 1 0 3V1a1 1 0 0 1 1-1h4a1 1 0 0 1 1 1v4c0 .56-.31 1.31-.7 1.7L3.16 8.84c1.52 3.6 4.4 6.48 8 8l2.12-2.12c.4-.4 1.15-.71 1.7-.71H19a1 1 0 0 1 .99 1v3.35z\"><\/path><\/svg><\/span><span class=\"gb-headline-text\">02263 801556<\/span><\/p>\n\n\n\n<p class=\"gb-headline gb-headline-fddea58c\"><span class=\"gb-icon\"><svg viewBox=\"0 0 20 20\" xmlns=\"http:\/\/www.w3.org\/2000\/svg\"><path d=\"M8 20H3V10H0L10 0l10 10h-3v10h-5v-6H8v6z\"><\/path><\/svg><\/span><span class=\"gb-headline-text\">(in der Grundschule Engelskirchen)<br>Bergische Stra\u00dfe 56<br>51766 Engelskirchen<\/span><\/p>\n\n<\/div><\/div>\n\n<div class=\"gb-container gb-container-64716212\"><div class=\"gb-inside-container\">\n\n<p class=\"gb-headline gb-headline-bf58bbd8\"><span class=\"gb-icon\"><svg xmlns=\"http:\/\/www.w3.org\/2000\/svg\" viewBox=\"0 0 20 20\"><path d=\"M0 4c0-1.1.9-2 2-2h15a1 1 0 0 1 1 1v1H2v1h17a1 1 0 0 1 1 1v10a2 2 0 0 1-2 2H2a2 2 0 0 1-2-2V4zm16.5 9a1.5 1.5 0 1 0 0-3 1.5 1.5 0 0 0 0 3z\"><\/path><\/svg><\/span><span class=\"gb-headline-text\">1,00 \u20ac je Buch\/Medium<\/span><\/p>\n\n<\/div><\/div>\n<\/div><\/div><\/div>\n<\/div>\n\n<div class=\"gb-container gb-container-3b77b371\"><div class=\"gb-inside-container\"><\/div><\/div>\n<\/div><\/div>","protected":false},"excerpt":{"rendered":"","protected":false},"author":1,"featured_media":0,"parent":0,"menu_order":0,"comment_status":"closed","ping_status":"closed","template":"","meta":{"ngg_post_thumbnail":0,"footnotes":""},"folder":[],"class_list":["post-39","page","type-page","status-publish"],"_links":{"self":[{"href":"https:\/\/buechereien-engelskirchen.de\/index.php?rest_route=\/wp\/v2\/pages\/39","targetHints":{"allow":["GET"]}}],"collection":[{"href":"https:\/\/buechereien-engelskirchen.de\/index.php?rest_route=\/wp\/v2\/pages"}],"about":[{"href":"https:\/\/buechereien-engelskirchen.de\/index.php?rest_route=\/wp\/v2\/types\/page"}],"author":[{"embeddable":true,"href":"https:\/\/buechereien-engelskirchen.de\/index.php?rest_route=\/wp\/v2\/users\/1"}],"replies":[{"embeddable":true,"href":"https:\/\/buechereien-engelskirchen.de\/index.php?rest_route=%2Fwp%2Fv2%2Fcomments&post=39"}],"version-history":[{"count":8,"href":"https:\/\/buechereien-engelskirchen.de\/index.php?rest_route=\/wp\/v2\/pages\/39\/revisions"}],"predecessor-version":[{"id":5423,"href":"https:\/\/buechereien-engelskirchen.de\/index.php?rest_route=\/wp\/v2\/pages\/39\/revisions\/5423"}],"wp:attachment":[{"href":"https:\/\/buechereien-engelskirchen.de\/index.php?rest_route=%2Fwp%2Fv2%2Fmedia&parent=39"}],"wp:term":[{"taxonomy":"folder","embeddable":true,"href":"https:\/\/buechereien-engelskirchen.de\/index.php?rest_route=%2Fwp%2Fv2%2Ffolder&post=39"}],"curies":[{"name":"wp","href":"https:\/\/api.w.org\/{rel}","templated":true}]}}