{"id":36,"date":"2013-11-05T12:07:48","date_gmt":"2013-11-05T12:07:48","guid":{"rendered":"http:\/\/buechereien-engelskirchen.de.w0112c5a.kasserver.com\/?page_id=36"},"modified":"2025-04-09T18:13:49","modified_gmt":"2025-04-09T17:13:49","slug":"runderoth","status":"publish","type":"page","link":"https:\/\/buechereien-engelskirchen.de\/?page_id=36","title":{"rendered":"B\u00fccherei R\u00fcnderoth"},"content":{"rendered":"<div class=\"gb-container gb-container-a8dfa31f\"><div class=\"gb-inside-container\">\n<div class=\"gb-grid-wrapper gb-grid-wrapper-2b822ecf\">\n<div class=\"gb-grid-column gb-grid-column-bca0d8d4\"><div class=\"gb-container gb-container-bca0d8d4\"><div class=\"gb-inside-container\">\n\n<h1 class=\"wp-block-heading\">B\u00fccherei R\u00fcnderoth<\/h1>\n\n\n\n<figure class=\"wp-block-image size-full is-resized\"><img loading=\"lazy\" decoding=\"async\" width=\"2560\" height=\"1920\" src=\"https:\/\/buechereien-engelskirchen.de\/wp-content\/uploads\/2013\/11\/P1010955.jpg\" alt=\"\" class=\"wp-image-2682\" srcset=\"https:\/\/buechereien-engelskirchen.de\/wp-content\/uploads\/2013\/11\/P1010955.jpg 2560w, https:\/\/buechereien-engelskirchen.de\/wp-content\/uploads\/2013\/11\/P1010955-150x113.jpg 150w, https:\/\/buechereien-engelskirchen.de\/wp-content\/uploads\/2013\/11\/P1010955-300x225.jpg 300w, https:\/\/buechereien-engelskirchen.de\/wp-content\/uploads\/2013\/11\/P1010955-768x576.jpg 768w, https:\/\/buechereien-engelskirchen.de\/wp-content\/uploads\/2013\/11\/P1010955-1024x768.jpg 1024w\" sizes=\"auto, (max-width: 2560px) 100vw, 2560px\" \/><\/figure>\n\n\n\n<p><\/p>\n\n\n\n<p>In R\u00fcnderoth stehen 8.300 Medien f\u00fcr Sie bereit &#8211; nat\u00fcrlich auch die aktuellsten Neuerscheinungen!<\/p>\n\n\n\n<p class=\"has-text-align-left\">Romane, Krimis und Thriller, Historisches, Fantasy, klassische Literatur, Sach- und H\u00f6rb\u00fccher sowie die Zeitschrift \u201eStiftung Warentest\u201c k\u00f6nnen die erwachsenen Leser bei uns ausleihen. Kinder und Jugendliche finden bei uns Bilderb\u00fccher, B\u00fccher f\u00fcr Erstleser im Grundschulalter, Fantasy, Krimis und Thriller, Kinder- und Jugendliteratur, Comics und Mangas, Sachb\u00fccher, Spiele, H\u00f6rb\u00fccher und nat\u00fcrlich auch tonies.<\/p>\n\n\n\n<p>Schulkinder und auch die Kleinsten k\u00f6nnen im Kinderbereich spielen und Neues entdecken. Gem\u00fctliche Leseecken laden zum Verweilen und Schm\u00f6kern ein.<\/p>\n\n\n\n<p><strong>\u00d6ffnungszeiten in den Schulferien<\/strong><\/p>\n\n\n\n<p>In den Sommerferien ist die B\u00fccherei jeden Dienstag von 15 bis 18 Uhr ge\u00f6ffnet.<br>In den Oster-, Herbst- und Weihnachtsferien haben wir geschlossen.<\/p>\n\n\n\n<p>F\u00fcr Kindergartengruppen und Schulklassen \u00f6ffnen wir die B\u00fccherei au\u00dferhalb unserer \u00d6ffnungszeiten nach Terminvereinbarung, da uns Lesef\u00f6rderung f\u00fcr die kleinen Besucher besonders am Herzen liegt.<\/p>\n\n<\/div><\/div><\/div>\n\n<div class=\"gb-grid-column gb-grid-column-de20bc5c\"><div class=\"gb-container gb-container-de20bc5c\"><div class=\"gb-inside-container\">\n<div class=\"gb-container gb-container-d4b0574a\"><div class=\"gb-inside-container\">\n\n<p class=\"gb-headline gb-headline-0fa4ee47\"><span class=\"gb-icon\"><svg xmlns=\"http:\/\/www.w3.org\/2000\/svg\" viewBox=\"0 0 20 20\"><path d=\"M10 20a10 10 0 1 1 0-20 10 10 0 0 1 0 20zm0-2a8 8 0 1 0 0-16 8 8 0 0 0 0 16zm-1-7.59V4h2v5.59l3.95 3.95-1.41 1.41L9 10.41z\"><\/path><\/svg><\/span><span class=\"gb-headline-text\"><strong>Montag <strong>9 \u2013 11 Uhr<\/strong><\/strong> <strong>Dienstag 15 \u2013 18 Uhr<br>Donnerstag<\/strong> <strong>16 \u2013 19 Uhr<\/strong><\/span><\/p>\n\n<\/div><\/div>\n\n<div class=\"gb-container gb-container-74daa855\"><div class=\"gb-inside-container\">\n\n<p class=\"gb-headline gb-headline-bc07e3b8\"><span class=\"gb-icon\"><svg xmlns=\"http:\/\/www.w3.org\/2000\/svg\" viewBox=\"0 0 20 20\"><path d=\"M20 18.35V19a1 1 0 0 1-1 1h-2A17 17 0 0 1 0 3V1a1 1 0 0 1 1-1h4a1 1 0 0 1 1 1v4c0 .56-.31 1.31-.7 1.7L3.16 8.84c1.52 3.6 4.4 6.48 8 8l2.12-2.12c.4-.4 1.15-.71 1.7-.71H19a1 1 0 0 1 .99 1v3.35z\"><\/path><\/svg><\/span><span class=\"gb-headline-text\">02263 60159<\/span><\/p>\n\n\n\n<p class=\"gb-headline gb-headline-63661dc8\"><span class=\"gb-icon\"><svg aria-hidden=\"true\" role=\"img\" height=\"1em\" width=\"1em\" viewBox=\"0 0 512 512\" xmlns=\"http:\/\/www.w3.org\/2000\/svg\"><path fill=\"currentColor\" d=\"M256 8C118.941 8 8 118.919 8 256c0 137.059 110.919 248 248 248 48.154 0 95.342-14.14 135.408-40.223 12.005-7.815 14.625-24.288 5.552-35.372l-10.177-12.433c-7.671-9.371-21.179-11.667-31.373-5.129C325.92 429.757 291.314 440 256 440c-101.458 0-184-82.542-184-184S154.542 72 256 72c100.139 0 184 57.619 184 160 0 38.786-21.093 79.742-58.17 83.693-17.349-.454-16.91-12.857-13.476-30.024l23.433-121.11C394.653 149.75 383.308 136 368.225 136h-44.981a13.518 13.518 0 0 0-13.432 11.993l-.01.092c-14.697-17.901-40.448-21.775-59.971-21.775-74.58 0-137.831 62.234-137.831 151.46 0 65.303 36.785 105.87 96 105.87 26.984 0 57.369-15.637 74.991-38.333 9.522 34.104 40.613 34.103 70.71 34.103C462.609 379.41 504 307.798 504 232 504 95.653 394.023 8 256 8zm-21.68 304.43c-22.249 0-36.07-15.623-36.07-40.771 0-44.993 30.779-72.729 58.63-72.729 22.292 0 35.601 15.241 35.601 40.77 0 45.061-33.875 72.73-58.161 72.73z\"><\/path><\/svg><\/span><span class=\"gb-headline-text\"><a href=\"mailto:ruenderoth@buechereien-engelskirchen.de\">ruenderoth@buechereien-engelskirchen.de<\/a><\/span><\/p>\n\n\n\n<p class=\"gb-headline gb-headline-98a8a14b\"><span class=\"gb-icon\"><svg xmlns=\"http:\/\/www.w3.org\/2000\/svg\" viewBox=\"0 0 20 20\"><path d=\"M8 20H3V10H0L10 0l10 10h-3v10h-5v-6H8v6z\"><\/path><\/svg><\/span><span class=\"gb-headline-text\">(im alten Rathaus in R\u00fcnderoth)<br>Rathausplatz 6<br>51766 Engelskirchen<\/span><\/p>\n\n<\/div><\/div>\n\n<div class=\"gb-container gb-container-cca22f94\"><div class=\"gb-inside-container\">\n\n<p class=\"gb-headline gb-headline-70e75a4b\"><span class=\"gb-icon\"><svg xmlns=\"http:\/\/www.w3.org\/2000\/svg\" viewBox=\"0 0 20 20\"><path d=\"M0 2C0 .9.9 0 2 0h16a2 2 0 0 1 2 2v16a2 2 0 0 1-2 2H2a2 2 0 0 1-2-2V2zm7 4v2a3 3 0 1 0 6 0V6a3 3 0 1 0-6 0zm11 9.14A15.93 15.93 0 0 0 10 13c-2.91 0-5.65.78-8 2.14V18h16v-2.86z\"><\/path><\/svg><\/span><span class=\"gb-headline-text\">Simone Polifka<br>Tel: 02263 60573<\/span><\/p>\n\n<\/div><\/div>\n<\/div><\/div><\/div>\n<\/div>\n\n<div class=\"gb-container gb-container-5d484134\"><div class=\"gb-inside-container\">\n\n<\/div><\/div>\n<\/div><\/div>","protected":false},"excerpt":{"rendered":"","protected":false},"author":1,"featured_media":0,"parent":0,"menu_order":0,"comment_status":"closed","ping_status":"closed","template":"","meta":{"ngg_post_thumbnail":0,"footnotes":""},"folder":[],"class_list":["post-36","page","type-page","status-publish"],"_links":{"self":[{"href":"https:\/\/buechereien-engelskirchen.de\/index.php?rest_route=\/wp\/v2\/pages\/36","targetHints":{"allow":["GET"]}}],"collection":[{"href":"https:\/\/buechereien-engelskirchen.de\/index.php?rest_route=\/wp\/v2\/pages"}],"about":[{"href":"https:\/\/buechereien-engelskirchen.de\/index.php?rest_route=\/wp\/v2\/types\/page"}],"author":[{"embeddable":true,"href":"https:\/\/buechereien-engelskirchen.de\/index.php?rest_route=\/wp\/v2\/users\/1"}],"replies":[{"embeddable":true,"href":"https:\/\/buechereien-engelskirchen.de\/index.php?rest_route=%2Fwp%2Fv2%2Fcomments&post=36"}],"version-history":[{"count":28,"href":"https:\/\/buechereien-engelskirchen.de\/index.php?rest_route=\/wp\/v2\/pages\/36\/revisions"}],"predecessor-version":[{"id":5344,"href":"https:\/\/buechereien-engelskirchen.de\/index.php?rest_route=\/wp\/v2\/pages\/36\/revisions\/5344"}],"wp:attachment":[{"href":"https:\/\/buechereien-engelskirchen.de\/index.php?rest_route=%2Fwp%2Fv2%2Fmedia&parent=36"}],"wp:term":[{"taxonomy":"folder","embeddable":true,"href":"https:\/\/buechereien-engelskirchen.de\/index.php?rest_route=%2Fwp%2Fv2%2Ffolder&post=36"}],"curies":[{"name":"wp","href":"https:\/\/api.w.org\/{rel}","templated":true}]}}