{"id":3178,"date":"2016-03-10T16:20:02","date_gmt":"2016-03-10T15:20:02","guid":{"rendered":"http:\/\/buechereien-engelskirchen.de\/?page_id=3178"},"modified":"2026-01-25T15:35:42","modified_gmt":"2026-01-25T14:35:42","slug":"veranstaltungskalender","status":"publish","type":"page","link":"https:\/\/buechereien-engelskirchen.de\/?page_id=3178","title":{"rendered":"Veranstaltungen"},"content":{"rendered":"\n<p>Weitere Termine folgen.<\/p>\n\n\n\n<figure class=\"wp-block-table is-style-stripes\"><table><tbody><tr><td><strong>Datum<\/strong>                            <\/td><td><strong>Uhrzeit<\/strong>                                                                                     <\/td><td class=\"has-text-align-left\" data-align=\"left\"><strong>Veranstaltung<\/strong><\/td><td><strong>Ort<\/strong><\/td><\/tr><tr><td>Dienstag, 24. M\u00e4rz 2026<\/td><td>18:30<\/td><td class=\"has-text-align-left\" data-align=\"left\">Lesetreff<\/td><td>B\u00fccherei Engelskirchen<\/td><\/tr><tr><td>Samstag, 30. und Sonntag, 31. Mai 2026<\/td><td>10:00 &#8211; 16:00<\/td><td class=\"has-text-align-left\" data-align=\"left\">B\u00fccherflohmarkt<\/td><td>B\u00fccherei Engelskirchen<\/td><\/tr><tr><td><\/td><td>18:30<\/td><td class=\"has-text-align-left\" data-align=\"left\">Lesetreff<\/td><td>B\u00fccherei Engelskirchen<\/td><\/tr><tr><td>Sonntag, 08. November 2026<\/td><td>11:00 &#8211; 17:00<\/td><td class=\"has-text-align-left\" data-align=\"left\">B\u00fccherflohmarkt<\/td><td>B\u00fccherei R\u00fcnderoth<\/td><\/tr><tr><td><\/td><td>19:00<\/td><td class=\"has-text-align-left\" data-align=\"left\">Literarische Weinlese<\/td><td>B\u00fccherei R\u00fcnderoth<\/td><\/tr><\/tbody><\/table><\/figure>\n\n\n\n<p><\/p>\n","protected":false},"excerpt":{"rendered":"<p>Weitere Termine folgen. Datum Uhrzeit Veranstaltung Ort Dienstag, 24. M\u00e4rz 2026 18:30 Lesetreff B\u00fccherei Engelskirchen Samstag, 30. und Sonntag, 31. Mai 2026 10:00 &#8211; 16:00 B\u00fccherflohmarkt B\u00fccherei Engelskirchen 18:30 Lesetreff B\u00fccherei Engelskirchen Sonntag, 08. November 2026 11:00 &#8211; 17:00 B\u00fccherflohmarkt B\u00fccherei R\u00fcnderoth 19:00 Literarische Weinlese B\u00fccherei R\u00fcnderoth<\/p>\n","protected":false},"author":1,"featured_media":0,"parent":0,"menu_order":0,"comment_status":"closed","ping_status":"closed","template":"","meta":{"ngg_post_thumbnail":0,"footnotes":""},"folder":[],"class_list":["post-3178","page","type-page","status-publish"],"_links":{"self":[{"href":"https:\/\/buechereien-engelskirchen.de\/index.php?rest_route=\/wp\/v2\/pages\/3178","targetHints":{"allow":["GET"]}}],"collection":[{"href":"https:\/\/buechereien-engelskirchen.de\/index.php?rest_route=\/wp\/v2\/pages"}],"about":[{"href":"https:\/\/buechereien-engelskirchen.de\/index.php?rest_route=\/wp\/v2\/types\/page"}],"author":[{"embeddable":true,"href":"https:\/\/buechereien-engelskirchen.de\/index.php?rest_route=\/wp\/v2\/users\/1"}],"replies":[{"embeddable":true,"href":"https:\/\/buechereien-engelskirchen.de\/index.php?rest_route=%2Fwp%2Fv2%2Fcomments&post=3178"}],"version-history":[{"count":60,"href":"https:\/\/buechereien-engelskirchen.de\/index.php?rest_route=\/wp\/v2\/pages\/3178\/revisions"}],"predecessor-version":[{"id":5428,"href":"https:\/\/buechereien-engelskirchen.de\/index.php?rest_route=\/wp\/v2\/pages\/3178\/revisions\/5428"}],"wp:attachment":[{"href":"https:\/\/buechereien-engelskirchen.de\/index.php?rest_route=%2Fwp%2Fv2%2Fmedia&parent=3178"}],"wp:term":[{"taxonomy":"folder","embeddable":true,"href":"https:\/\/buechereien-engelskirchen.de\/index.php?rest_route=%2Fwp%2Fv2%2Ffolder&post=3178"}],"curies":[{"name":"wp","href":"https:\/\/api.w.org\/{rel}","templated":true}]}}